{"id":1453,"date":"2020-04-30T11:12:41","date_gmt":"2020-04-30T11:12:41","guid":{"rendered":"https:\/\/prisma.sanzza.eu\/?page_id=1453"},"modified":"2024-12-02T15:58:00","modified_gmt":"2024-12-02T15:58:00","slug":"contactos","status":"publish","type":"page","link":"https:\/\/prisma.sanzza.eu\/?page_id=1453","title":{"rendered":"Contactos"},"content":{"rendered":"\t\t<div data-elementor-type=\"wp-page\" data-elementor-id=\"1453\" class=\"elementor elementor-1453\" data-elementor-post-type=\"page\">\n\t\t\t\t\t\t<section class=\"elementor-section elementor-top-section elementor-element elementor-element-0bf46ef elementor-section-boxed elementor-section-height-default elementor-section-height-default sc_fly_static\" data-id=\"0bf46ef\" data-element_type=\"section\">\n\t\t\t\t\t\t<div class=\"elementor-container elementor-column-gap-extended\">\n\t\t\t\t\t<div class=\"elementor-column elementor-col-100 elementor-top-column elementor-element elementor-element-46b7ddc sc_content_align_inherit sc_layouts_column_icons_position_left sc_fly_static\" data-id=\"46b7ddc\" data-element_type=\"column\">\n\t\t\t<div class=\"elementor-widget-wrap elementor-element-populated\">\n\t\t\t\t\t\t<div class=\"elementor-element elementor-element-eaa8fa7 sc_height_huge sc_fly_static elementor-widget elementor-widget-spacer\" data-id=\"eaa8fa7\" data-element_type=\"widget\" data-widget_type=\"spacer.default\">\n\t\t\t\t<div class=\"elementor-widget-container\">\n\t\t\t\t\t<div class=\"elementor-spacer\">\n\t\t\t<div class=\"elementor-spacer-inner\"><\/div>\n\t\t<\/div>\n\t\t\t\t<\/div>\n\t\t\t\t<\/div>\n\t\t\t\t<div class=\"elementor-element elementor-element-be46a20 sc_layouts_hide_on_notebook sc_layouts_hide_on_tablet sc_layouts_hide_on_mobile sc_fly_static elementor-widget elementor-widget-spacer\" data-id=\"be46a20\" data-element_type=\"widget\" data-widget_type=\"spacer.default\">\n\t\t\t\t<div class=\"elementor-widget-container\">\n\t\t\t\t\t<div class=\"elementor-spacer\">\n\t\t\t<div class=\"elementor-spacer-inner\"><\/div>\n\t\t<\/div>\n\t\t\t\t<\/div>\n\t\t\t\t<\/div>\n\t\t\t\t\t<\/div>\n\t\t<\/div>\n\t\t\t\t\t<\/div>\n\t\t<\/section>\n\t\t\t\t<section class=\"elementor-section elementor-top-section elementor-element elementor-element-5325d572 elementor-section-boxed elementor-section-height-default elementor-section-height-default sc_fly_static\" data-id=\"5325d572\" data-element_type=\"section\">\n\t\t\t\t\t\t<div class=\"elementor-container elementor-column-gap-extended\">\n\t\t\t\t\t<div class=\"elementor-column elementor-col-50 elementor-top-column elementor-element elementor-element-7bce57cb sc_content_align_inherit sc_layouts_column_icons_position_left sc_fly_static\" data-id=\"7bce57cb\" data-element_type=\"column\">\n\t\t\t<div class=\"elementor-widget-wrap elementor-element-populated\">\n\t\t\t\t\t\t<div class=\"elementor-element elementor-element-899e0b5 elementor-widget__width-initial sc_fly_static elementor-widget elementor-widget-heading\" data-id=\"899e0b5\" data-element_type=\"widget\" data-widget_type=\"heading.default\">\n\t\t\t\t<div class=\"elementor-widget-container\">\n\t\t\t<h2 class=\"elementor-heading-title elementor-size-default\">Vamos come\u00e7ar um projeto juntos?<\/h2>\t\t<\/div>\n\t\t\t\t<\/div>\n\t\t\t\t<div class=\"elementor-element elementor-element-845cc36 elementor-widget__width-initial sc_fly_static elementor-widget elementor-widget-text-editor\" data-id=\"845cc36\" data-element_type=\"widget\" data-widget_type=\"text-editor.default\">\n\t\t\t\t<div class=\"elementor-widget-container\">\n\t\t\t\t\t\t\t<p><span style=\"font-weight: 400;\">Preencha o formul\u00e1rio e aguarde o nosso contacto. Ficaremos muito felizes pela oportunidade de impulsionar o seu neg\u00f3cio. <\/span><\/p>\t\t\t\t\t\t<\/div>\n\t\t\t\t<\/div>\n\t\t\t\t<div class=\"elementor-element elementor-element-4347d38e sc_height_small sc_fly_static elementor-widget elementor-widget-spacer\" data-id=\"4347d38e\" data-element_type=\"widget\" data-widget_type=\"spacer.default\">\n\t\t\t\t<div class=\"elementor-widget-container\">\n\t\t\t\t\t<div class=\"elementor-spacer\">\n\t\t\t<div class=\"elementor-spacer-inner\"><\/div>\n\t\t<\/div>\n\t\t\t\t<\/div>\n\t\t\t\t<\/div>\n\t\t\t\t<div class=\"elementor-element elementor-element-2b349bb2 sc_layouts_hide_on_mobile sc_fly_static elementor-widget elementor-widget-spacer\" data-id=\"2b349bb2\" data-element_type=\"widget\" data-widget_type=\"spacer.default\">\n\t\t\t\t<div class=\"elementor-widget-container\">\n\t\t\t\t\t<div class=\"elementor-spacer\">\n\t\t\t<div class=\"elementor-spacer-inner\"><\/div>\n\t\t<\/div>\n\t\t\t\t<\/div>\n\t\t\t\t<\/div>\n\t\t\t\t<div class=\"elementor-element elementor-element-790b7c6 sc_fly_static elementor-widget elementor-widget-image\" data-id=\"790b7c6\" data-element_type=\"widget\" data-widget_type=\"image.default\">\n\t\t\t\t<div class=\"elementor-widget-container\">\n\t\t\t\t\t\t\t\t\t\t\t\t\t<img fetchpriority=\"high\" decoding=\"async\" width=\"1920\" height=\"1751\" src=\"https:\/\/prisma.sanzza.eu\/wp-content\/uploads\/2024\/11\/contactos1-1.webp\" class=\"attachment-full size-full wp-image-30143\" alt=\"\" srcset=\"https:\/\/prisma.sanzza.eu\/wp-content\/uploads\/2024\/11\/contactos1-1.webp 1920w, https:\/\/prisma.sanzza.eu\/wp-content\/uploads\/2024\/11\/contactos1-1-300x274.webp 300w, https:\/\/prisma.sanzza.eu\/wp-content\/uploads\/2024\/11\/contactos1-1-1024x934.webp 1024w, https:\/\/prisma.sanzza.eu\/wp-content\/uploads\/2024\/11\/contactos1-1-768x700.webp 768w, https:\/\/prisma.sanzza.eu\/wp-content\/uploads\/2024\/11\/contactos1-1-1536x1401.webp 1536w, https:\/\/prisma.sanzza.eu\/wp-content\/uploads\/2024\/11\/contactos1-1-370x337.webp 370w, https:\/\/prisma.sanzza.eu\/wp-content\/uploads\/2024\/11\/contactos1-1-840x766.webp 840w, https:\/\/prisma.sanzza.eu\/wp-content\/uploads\/2024\/11\/contactos1-1-410x374.webp 410w\" sizes=\"(max-width: 1920px) 100vw, 1920px\" \/>\t\t\t\t\t\t\t\t\t\t\t\t\t<\/div>\n\t\t\t\t<\/div>\n\t\t\t\t\t<\/div>\n\t\t<\/div>\n\t\t\t\t<div class=\"elementor-column elementor-col-50 elementor-top-column elementor-element elementor-element-186dee1a sc_content_align_inherit sc_layouts_column_icons_position_left sc_fly_static\" data-id=\"186dee1a\" data-element_type=\"column\" data-settings=\"{&quot;background_background&quot;:&quot;classic&quot;}\">\n\t\t\t<div class=\"elementor-widget-wrap elementor-element-populated\">\n\t\t\t\t\t\t<div class=\"elementor-element elementor-element-261537b0 sc_fly_static elementor-widget elementor-widget-trx_sc_contact_form_7\" data-id=\"261537b0\" data-element_type=\"widget\" data-widget_type=\"trx_sc_contact_form_7.default\">\n\t\t\t\t<div class=\"elementor-widget-container\">\n\t\t\t\n<div class=\"wpcf7 no-js\" id=\"wpcf7-f5-o1\" lang=\"en-US\" dir=\"ltr\" data-wpcf7-id=\"5\">\n<div class=\"screen-reader-response\"><p role=\"status\" aria-live=\"polite\" aria-atomic=\"true\"><\/p> <ul><\/ul><\/div>\n<form action=\"\/index.php?rest_route=%2Fwp%2Fv2%2Fpages%2F1453#wpcf7-f5-o1\" method=\"post\" class=\"wpcf7-form init\" aria-label=\"Contact form\" novalidate=\"novalidate\" data-status=\"init\">\n<div style=\"display: none;\">\n<input type=\"hidden\" name=\"_wpcf7\" value=\"5\" \/>\n<input type=\"hidden\" name=\"_wpcf7_version\" value=\"6.0.1\" \/>\n<input type=\"hidden\" name=\"_wpcf7_locale\" value=\"en_US\" \/>\n<input type=\"hidden\" name=\"_wpcf7_unit_tag\" value=\"wpcf7-f5-o1\" \/>\n<input type=\"hidden\" name=\"_wpcf7_container_post\" value=\"0\" \/>\n<input type=\"hidden\" name=\"_wpcf7_posted_data_hash\" value=\"\" \/>\n<\/div>\n<div class=\"form-style-1\">\n\t<div class=\"columns_wrap\">\n\t\t<div class=\"column-1_2\">\n\t\t\t<p><span class=\"style-line icon-name\"><span class=\"wpcf7-form-control-wrap\" data-name=\"name\"><input size=\"40\" maxlength=\"400\" class=\"wpcf7-form-control wpcf7-text wpcf7-validates-as-required\" aria-required=\"true\" aria-invalid=\"false\" placeholder=\"Nome\" value=\"\" type=\"text\" name=\"name\" \/><\/span><\/span>\n\t\t\t<\/p>\n\t\t<\/div>\n\t\t<div class=\"column-1_2\">\n\t\t\t<p><span class=\"style-line icon-email\"><span class=\"wpcf7-form-control-wrap\" data-name=\"email\"><input size=\"40\" maxlength=\"400\" class=\"wpcf7-form-control wpcf7-email wpcf7-validates-as-required wpcf7-text wpcf7-validates-as-email\" aria-required=\"true\" aria-invalid=\"false\" placeholder=\"Email\" value=\"\" type=\"email\" name=\"email\" \/><\/span><\/span>\n\t\t\t<\/p>\n\t\t<\/div>\n\t<\/div>\n\t<div class=\"columns_wrap\">\n\t\t<div class=\"column-1_2\">\n\t\t\t<p><span class=\"style-line icon-phone\"><span class=\"wpcf7-form-control-wrap\" data-name=\"contacto\"><input size=\"40\" maxlength=\"400\" class=\"wpcf7-form-control wpcf7-tel wpcf7-validates-as-required wpcf7-text wpcf7-validates-as-tel\" aria-required=\"true\" aria-invalid=\"false\" placeholder=\"Contacto\" value=\"\" type=\"tel\" name=\"contacto\" \/><\/span><\/span>\n\t\t\t<\/p>\n\t\t<\/div>\n\t\t<div class=\"column-1_2\">\n\t\t\t<p><span class=\"style-line icon-subject\"><span class=\"wpcf7-form-control-wrap\" data-name=\"empresa\"><input size=\"40\" maxlength=\"400\" class=\"wpcf7-form-control wpcf7-text wpcf7-validates-as-required\" aria-required=\"true\" aria-invalid=\"false\" placeholder=\"Empresa\" value=\"\" type=\"text\" name=\"empresa\" \/><\/span><\/span>\n\t\t\t<\/p>\n\t\t<\/div>\n\t<\/div>\n\t<div class=\"columns_wrap margin-bottom\">\n\t\t<div class=\"column-1_1\">\n\t\t\t<p><span class=\"style-line icon-textarea\"><span class=\"wpcf7-form-control-wrap\" data-name=\"select-717\"><select class=\"wpcf7-form-control wpcf7-select wpcf7-validates-as-required\" aria-required=\"true\" aria-invalid=\"false\" name=\"select-717\"><option value=\"\">Selecione<\/option><option value=\"campanhas e performance\">campanhas e performance<\/option><option value=\"gest\u00e3o de redes sociais\">gest\u00e3o de redes sociais<\/option><option value=\"websites e ecommerce\">websites e ecommerce<\/option><option value=\"outros assuntos\">outros assuntos<\/option><\/select><\/span><\/span>\n\t\t\t<\/p>\n\t\t<\/div>\n\t<\/div>\n\t<div class=\"columns_wrap margin-bottom\">\n\t\t<div class=\"column-1_1\">\n\t\t\t<p><span class=\"style-line icon-textarea\"><span class=\"wpcf7-form-control-wrap\" data-name=\"your-message\"><textarea cols=\"40\" rows=\"10\" maxlength=\"2000\" class=\"wpcf7-form-control wpcf7-textarea wpcf7-validates-as-required\" aria-required=\"true\" aria-invalid=\"false\" placeholder=\"Objetivos\" name=\"your-message\"><\/textarea><\/span><\/span>\n\t\t\t<\/p>\n\t\t<\/div>\n\t<\/div>\n\t<p><span class=\"wpcf7-form-control-wrap\" data-name=\"acceptance\"><span class=\"wpcf7-form-control wpcf7-acceptance\"><span class=\"wpcf7-list-item\"><label><input type=\"checkbox\" name=\"acceptance\" value=\"1\" aria-invalid=\"false\" \/><span class=\"wpcf7-list-item-label\">Eu li e aceito a <a href=\"\/politica-de-privacidade\/\"><u>Pol\u00edtica de Privacidade<\/u><\/a>.<\/span><\/label><\/span><\/span><\/span><input class=\"wpcf7-form-control wpcf7-submit has-spinner\" type=\"submit\" value=\"pedir or\u00e7amento\" \/>\n\t<\/p>\n<\/div><div class=\"wpcf7-response-output\" aria-hidden=\"true\"><\/div>\n<\/form>\n<\/div>\n\t\t<\/div>\n\t\t\t\t<\/div>\n\t\t\t\t\t<\/div>\n\t\t<\/div>\n\t\t\t\t\t<\/div>\n\t\t<\/section>\n\t\t\t\t<\/div>\n\t\t","protected":false},"excerpt":{"rendered":"<p>Vamos come\u00e7ar um projeto juntos? Preencha o formul\u00e1rio e aguarde o nosso contacto. Ficaremos muito felizes pela oportunidade de impulsionar o seu neg\u00f3cio. Selecionecampanhas e performancegest\u00e3o de redes sociaiswebsites e&hellip;<\/p>\n","protected":false},"author":1,"featured_media":0,"parent":0,"menu_order":0,"comment_status":"closed","ping_status":"closed","template":"","meta":{"inline_featured_image":false,"footnotes":""},"class_list":["post-1453","page","type-page","status-publish","hentry"],"yoast_head":"<!-- This site is optimized with the Yoast SEO plugin v24.0 - https:\/\/yoast.com\/wordpress\/plugins\/seo\/ -->\n<title>Contactos - Prisma<\/title>\n<meta name=\"robots\" content=\"index, follow, max-snippet:-1, max-image-preview:large, max-video-preview:-1\" \/>\n<link rel=\"canonical\" href=\"https:\/\/prisma.sanzza.eu\/?page_id=1453\" \/>\n<meta property=\"og:locale\" content=\"pt_PT\" \/>\n<meta property=\"og:type\" content=\"article\" \/>\n<meta property=\"og:title\" content=\"Contactos - Prisma\" \/>\n<meta property=\"og:description\" content=\"Vamos come\u00e7ar um projeto juntos? Preencha o formul\u00e1rio e aguarde o nosso contacto. Ficaremos muito felizes pela oportunidade de impulsionar o seu neg\u00f3cio. Selecionecampanhas e performancegest\u00e3o de redes sociaiswebsites e&hellip;\" \/>\n<meta property=\"og:url\" content=\"https:\/\/prisma.sanzza.eu\/?page_id=1453\" \/>\n<meta property=\"og:site_name\" content=\"Prisma\" \/>\n<meta property=\"article:modified_time\" content=\"2024-12-02T15:58:00+00:00\" \/>\n<meta property=\"og:image\" content=\"https:\/\/prisma.sanzza.eu\/wp-content\/uploads\/2024\/11\/contactos1-1.webp\" \/>\n\t<meta property=\"og:image:width\" content=\"1920\" \/>\n\t<meta property=\"og:image:height\" content=\"1751\" \/>\n\t<meta property=\"og:image:type\" content=\"image\/webp\" \/>\n<meta name=\"twitter:card\" content=\"summary_large_image\" \/>\n<meta name=\"twitter:label1\" content=\"Tempo estimado de leitura\" \/>\n\t<meta name=\"twitter:data1\" content=\"1 minuto\" \/>\n<script type=\"application\/ld+json\" class=\"yoast-schema-graph\">{\"@context\":\"https:\/\/schema.org\",\"@graph\":[{\"@type\":\"WebPage\",\"@id\":\"https:\/\/prisma.sanzza.eu\/?page_id=1453\",\"url\":\"https:\/\/prisma.sanzza.eu\/?page_id=1453\",\"name\":\"Contactos - Prisma\",\"isPartOf\":{\"@id\":\"https:\/\/prisma.sanzza.eu\/#website\"},\"primaryImageOfPage\":{\"@id\":\"https:\/\/prisma.sanzza.eu\/?page_id=1453#primaryimage\"},\"image\":{\"@id\":\"https:\/\/prisma.sanzza.eu\/?page_id=1453#primaryimage\"},\"thumbnailUrl\":\"https:\/\/prisma.sanzza.eu\/wp-content\/uploads\/2024\/11\/contactos1-1.webp\",\"datePublished\":\"2020-04-30T11:12:41+00:00\",\"dateModified\":\"2024-12-02T15:58:00+00:00\",\"breadcrumb\":{\"@id\":\"https:\/\/prisma.sanzza.eu\/?page_id=1453#breadcrumb\"},\"inLanguage\":\"pt-PT\",\"potentialAction\":[{\"@type\":\"ReadAction\",\"target\":[\"https:\/\/prisma.sanzza.eu\/?page_id=1453\"]}]},{\"@type\":\"ImageObject\",\"inLanguage\":\"pt-PT\",\"@id\":\"https:\/\/prisma.sanzza.eu\/?page_id=1453#primaryimage\",\"url\":\"https:\/\/prisma.sanzza.eu\/wp-content\/uploads\/2024\/11\/contactos1-1.webp\",\"contentUrl\":\"https:\/\/prisma.sanzza.eu\/wp-content\/uploads\/2024\/11\/contactos1-1.webp\",\"width\":1920,\"height\":1751},{\"@type\":\"BreadcrumbList\",\"@id\":\"https:\/\/prisma.sanzza.eu\/?page_id=1453#breadcrumb\",\"itemListElement\":[{\"@type\":\"ListItem\",\"position\":1,\"name\":\"In\u00edcio\",\"item\":\"https:\/\/prisma.sanzza.eu\/\"},{\"@type\":\"ListItem\",\"position\":2,\"name\":\"Contactos\"}]},{\"@type\":\"WebSite\",\"@id\":\"https:\/\/prisma.sanzza.eu\/#website\",\"url\":\"https:\/\/prisma.sanzza.eu\/\",\"name\":\"Prisma\",\"description\":\"Digital Startup &amp; App WordPress Theme\",\"publisher\":{\"@id\":\"https:\/\/prisma.sanzza.eu\/#organization\"},\"potentialAction\":[{\"@type\":\"SearchAction\",\"target\":{\"@type\":\"EntryPoint\",\"urlTemplate\":\"https:\/\/prisma.sanzza.eu\/?s={search_term_string}\"},\"query-input\":{\"@type\":\"PropertyValueSpecification\",\"valueRequired\":true,\"valueName\":\"search_term_string\"}}],\"inLanguage\":\"pt-PT\"},{\"@type\":\"Organization\",\"@id\":\"https:\/\/prisma.sanzza.eu\/#organization\",\"name\":\"Prisma\",\"url\":\"https:\/\/prisma.sanzza.eu\/\",\"logo\":{\"@type\":\"ImageObject\",\"inLanguage\":\"pt-PT\",\"@id\":\"https:\/\/prisma.sanzza.eu\/#\/schema\/logo\/image\/\",\"url\":\"https:\/\/prisma.sanzza.eu\/wp-content\/uploads\/2024\/11\/sanzza_logo.svg\",\"contentUrl\":\"https:\/\/prisma.sanzza.eu\/wp-content\/uploads\/2024\/11\/sanzza_logo.svg\",\"width\":181,\"height\":32,\"caption\":\"Prisma\"},\"image\":{\"@id\":\"https:\/\/prisma.sanzza.eu\/#\/schema\/logo\/image\/\"}}]}<\/script>\n<!-- \/ Yoast SEO plugin. -->","yoast_head_json":{"title":"Contactos - Prisma","robots":{"index":"index","follow":"follow","max-snippet":"max-snippet:-1","max-image-preview":"max-image-preview:large","max-video-preview":"max-video-preview:-1"},"canonical":"https:\/\/prisma.sanzza.eu\/?page_id=1453","og_locale":"pt_PT","og_type":"article","og_title":"Contactos - Prisma","og_description":"Vamos come\u00e7ar um projeto juntos? Preencha o formul\u00e1rio e aguarde o nosso contacto. Ficaremos muito felizes pela oportunidade de impulsionar o seu neg\u00f3cio. Selecionecampanhas e performancegest\u00e3o de redes sociaiswebsites e&hellip;","og_url":"https:\/\/prisma.sanzza.eu\/?page_id=1453","og_site_name":"Prisma","article_modified_time":"2024-12-02T15:58:00+00:00","og_image":[{"width":1920,"height":1751,"url":"https:\/\/prisma.sanzza.eu\/wp-content\/uploads\/2024\/11\/contactos1-1.webp","type":"image\/webp"}],"twitter_card":"summary_large_image","twitter_misc":{"Tempo estimado de leitura":"1 minuto"},"schema":{"@context":"https:\/\/schema.org","@graph":[{"@type":"WebPage","@id":"https:\/\/prisma.sanzza.eu\/?page_id=1453","url":"https:\/\/prisma.sanzza.eu\/?page_id=1453","name":"Contactos - Prisma","isPartOf":{"@id":"https:\/\/prisma.sanzza.eu\/#website"},"primaryImageOfPage":{"@id":"https:\/\/prisma.sanzza.eu\/?page_id=1453#primaryimage"},"image":{"@id":"https:\/\/prisma.sanzza.eu\/?page_id=1453#primaryimage"},"thumbnailUrl":"https:\/\/prisma.sanzza.eu\/wp-content\/uploads\/2024\/11\/contactos1-1.webp","datePublished":"2020-04-30T11:12:41+00:00","dateModified":"2024-12-02T15:58:00+00:00","breadcrumb":{"@id":"https:\/\/prisma.sanzza.eu\/?page_id=1453#breadcrumb"},"inLanguage":"pt-PT","potentialAction":[{"@type":"ReadAction","target":["https:\/\/prisma.sanzza.eu\/?page_id=1453"]}]},{"@type":"ImageObject","inLanguage":"pt-PT","@id":"https:\/\/prisma.sanzza.eu\/?page_id=1453#primaryimage","url":"https:\/\/prisma.sanzza.eu\/wp-content\/uploads\/2024\/11\/contactos1-1.webp","contentUrl":"https:\/\/prisma.sanzza.eu\/wp-content\/uploads\/2024\/11\/contactos1-1.webp","width":1920,"height":1751},{"@type":"BreadcrumbList","@id":"https:\/\/prisma.sanzza.eu\/?page_id=1453#breadcrumb","itemListElement":[{"@type":"ListItem","position":1,"name":"In\u00edcio","item":"https:\/\/prisma.sanzza.eu\/"},{"@type":"ListItem","position":2,"name":"Contactos"}]},{"@type":"WebSite","@id":"https:\/\/prisma.sanzza.eu\/#website","url":"https:\/\/prisma.sanzza.eu\/","name":"Prisma","description":"Digital Startup &amp; App WordPress Theme","publisher":{"@id":"https:\/\/prisma.sanzza.eu\/#organization"},"potentialAction":[{"@type":"SearchAction","target":{"@type":"EntryPoint","urlTemplate":"https:\/\/prisma.sanzza.eu\/?s={search_term_string}"},"query-input":{"@type":"PropertyValueSpecification","valueRequired":true,"valueName":"search_term_string"}}],"inLanguage":"pt-PT"},{"@type":"Organization","@id":"https:\/\/prisma.sanzza.eu\/#organization","name":"Prisma","url":"https:\/\/prisma.sanzza.eu\/","logo":{"@type":"ImageObject","inLanguage":"pt-PT","@id":"https:\/\/prisma.sanzza.eu\/#\/schema\/logo\/image\/","url":"https:\/\/prisma.sanzza.eu\/wp-content\/uploads\/2024\/11\/sanzza_logo.svg","contentUrl":"https:\/\/prisma.sanzza.eu\/wp-content\/uploads\/2024\/11\/sanzza_logo.svg","width":181,"height":32,"caption":"Prisma"},"image":{"@id":"https:\/\/prisma.sanzza.eu\/#\/schema\/logo\/image\/"}}]}},"_links":{"self":[{"href":"https:\/\/prisma.sanzza.eu\/index.php?rest_route=\/wp\/v2\/pages\/1453","targetHints":{"allow":["GET"]}}],"collection":[{"href":"https:\/\/prisma.sanzza.eu\/index.php?rest_route=\/wp\/v2\/pages"}],"about":[{"href":"https:\/\/prisma.sanzza.eu\/index.php?rest_route=\/wp\/v2\/types\/page"}],"author":[{"embeddable":true,"href":"https:\/\/prisma.sanzza.eu\/index.php?rest_route=\/wp\/v2\/users\/1"}],"replies":[{"embeddable":true,"href":"https:\/\/prisma.sanzza.eu\/index.php?rest_route=%2Fwp%2Fv2%2Fcomments&post=1453"}],"version-history":[{"count":61,"href":"https:\/\/prisma.sanzza.eu\/index.php?rest_route=\/wp\/v2\/pages\/1453\/revisions"}],"predecessor-version":[{"id":35423,"href":"https:\/\/prisma.sanzza.eu\/index.php?rest_route=\/wp\/v2\/pages\/1453\/revisions\/35423"}],"wp:attachment":[{"href":"https:\/\/prisma.sanzza.eu\/index.php?rest_route=%2Fwp%2Fv2%2Fmedia&parent=1453"}],"curies":[{"name":"wp","href":"https:\/\/api.w.org\/{rel}","templated":true}]}}