{"id":33266,"date":"2024-12-02T12:10:40","date_gmt":"2024-12-02T12:10:40","guid":{"rendered":"https:\/\/prisma.sanzza.eu\/?page_id=33266"},"modified":"2024-12-02T15:13:16","modified_gmt":"2024-12-02T15:13:16","slug":"servicos","status":"publish","type":"page","link":"https:\/\/prisma.sanzza.eu\/?page_id=33266","title":{"rendered":"Servi\u00e7os"},"content":{"rendered":"\t\t<div data-elementor-type=\"wp-page\" data-elementor-id=\"33266\" class=\"elementor elementor-33266\" data-elementor-post-type=\"page\">\n\t\t\t\t<div class=\"elementor-element elementor-element-9813729 e-con-full e-flex sc_layouts_column_icons_position_left e-con e-parent\" data-id=\"9813729\" data-element_type=\"container\" data-settings=\"{&quot;background_background&quot;:&quot;classic&quot;}\">\n\t\t<div class=\"elementor-element elementor-element-52eaa32 e-con-full e-flex sc_layouts_column_icons_position_left e-con e-child\" data-id=\"52eaa32\" data-element_type=\"container\">\n\t\t\t\t<div class=\"elementor-element elementor-element-0248139 sc_fly_static elementor-widget elementor-widget-heading\" data-id=\"0248139\" data-element_type=\"widget\" data-widget_type=\"heading.default\">\n\t\t\t\t<div class=\"elementor-widget-container\">\n\t\t\t<h3 class=\"elementor-heading-title elementor-size-default\">Cria\u00e7\u00e3o de Websites<\/h3>\t\t<\/div>\n\t\t\t\t<\/div>\n\t\t\t\t<div class=\"elementor-element elementor-element-c7224b2 sc_fly_static elementor-widget elementor-widget-heading\" data-id=\"c7224b2\" data-element_type=\"widget\" data-widget_type=\"heading.default\">\n\t\t\t\t<div class=\"elementor-widget-container\">\n\t\t\t<p class=\"elementor-heading-title elementor-size-default\">Texto<\/p>\t\t<\/div>\n\t\t\t\t<\/div>\n\t\t\t\t<\/div>\n\t\t<div class=\"elementor-element elementor-element-7eab497 e-con-full e-flex sc_layouts_column_icons_position_left e-con e-child\" data-id=\"7eab497\" data-element_type=\"container\">\n\t\t\t\t<div class=\"elementor-element elementor-element-582ab7c sc_fly_static elementor-widget elementor-widget-heading\" data-id=\"582ab7c\" data-element_type=\"widget\" data-widget_type=\"heading.default\">\n\t\t\t\t<div class=\"elementor-widget-container\">\n\t\t\t<h3 class=\"elementor-heading-title elementor-size-default\">Marketing Digital<\/h3>\t\t<\/div>\n\t\t\t\t<\/div>\n\t\t\t\t<div class=\"elementor-element elementor-element-ea7e599 sc_fly_static elementor-widget elementor-widget-heading\" data-id=\"ea7e599\" data-element_type=\"widget\" data-widget_type=\"heading.default\">\n\t\t\t\t<div class=\"elementor-widget-container\">\n\t\t\t<p class=\"elementor-heading-title elementor-size-default\">Texto<\/p>\t\t<\/div>\n\t\t\t\t<\/div>\n\t\t\t\t<\/div>\n\t\t<div class=\"elementor-element elementor-element-8b70c1b e-con-full e-flex sc_layouts_column_icons_position_left e-con e-child\" data-id=\"8b70c1b\" data-element_type=\"container\">\n\t\t\t\t<div class=\"elementor-element elementor-element-6e8d463 sc_fly_static elementor-widget elementor-widget-heading\" data-id=\"6e8d463\" data-element_type=\"widget\" data-widget_type=\"heading.default\">\n\t\t\t\t<div class=\"elementor-widget-container\">\n\t\t\t<h3 class=\"elementor-heading-title elementor-size-default\">Design Gr\u00e1fico<\/h3>\t\t<\/div>\n\t\t\t\t<\/div>\n\t\t\t\t<div class=\"elementor-element elementor-element-7e95e13 sc_fly_static elementor-widget elementor-widget-heading\" data-id=\"7e95e13\" data-element_type=\"widget\" data-widget_type=\"heading.default\">\n\t\t\t\t<div class=\"elementor-widget-container\">\n\t\t\t<p class=\"elementor-heading-title elementor-size-default\">Texto<\/p>\t\t<\/div>\n\t\t\t\t<\/div>\n\t\t\t\t<\/div>\n\t\t<div class=\"elementor-element elementor-element-a658176 e-con-full e-flex sc_layouts_column_icons_position_left e-con e-child\" data-id=\"a658176\" data-element_type=\"container\">\n\t\t\t\t<div class=\"elementor-element elementor-element-11a8719 sc_fly_static elementor-widget elementor-widget-heading\" data-id=\"11a8719\" data-element_type=\"widget\" data-widget_type=\"heading.default\">\n\t\t\t\t<div class=\"elementor-widget-container\">\n\t\t\t<h3 class=\"elementor-heading-title elementor-size-default\">Multim\u00e9dia<\/h3>\t\t<\/div>\n\t\t\t\t<\/div>\n\t\t\t\t<div class=\"elementor-element elementor-element-9628e04 sc_fly_static elementor-widget elementor-widget-heading\" data-id=\"9628e04\" data-element_type=\"widget\" data-widget_type=\"heading.default\">\n\t\t\t\t<div class=\"elementor-widget-container\">\n\t\t\t<p class=\"elementor-heading-title elementor-size-default\">Texto<\/p>\t\t<\/div>\n\t\t\t\t<\/div>\n\t\t\t\t<\/div>\n\t\t\t\t<\/div>\n\t\t\t\t<\/div>\n\t\t","protected":false},"excerpt":{"rendered":"<p>Cria\u00e7\u00e3o de Websites Texto Marketing Digital Texto Design Gr\u00e1fico Texto Multim\u00e9dia Texto<\/p>\n","protected":false},"author":1,"featured_media":0,"parent":0,"menu_order":0,"comment_status":"closed","ping_status":"closed","template":"","meta":{"inline_featured_image":false,"footnotes":""},"class_list":["post-33266","page","type-page","status-publish","hentry"],"yoast_head":"<!-- This site is optimized with the Yoast SEO plugin v24.0 - https:\/\/yoast.com\/wordpress\/plugins\/seo\/ -->\n<title>Servi\u00e7os - Prisma<\/title>\n<meta name=\"robots\" content=\"index, follow, max-snippet:-1, max-image-preview:large, max-video-preview:-1\" \/>\n<link rel=\"canonical\" href=\"https:\/\/prisma.sanzza.eu\/?page_id=33266\" \/>\n<meta property=\"og:locale\" content=\"pt_PT\" \/>\n<meta property=\"og:type\" content=\"article\" \/>\n<meta property=\"og:title\" content=\"Servi\u00e7os - Prisma\" \/>\n<meta property=\"og:description\" content=\"Cria\u00e7\u00e3o de Websites Texto Marketing Digital Texto Design Gr\u00e1fico Texto Multim\u00e9dia Texto\" \/>\n<meta property=\"og:url\" content=\"https:\/\/prisma.sanzza.eu\/?page_id=33266\" \/>\n<meta property=\"og:site_name\" content=\"Prisma\" \/>\n<meta property=\"article:modified_time\" content=\"2024-12-02T15:13:16+00:00\" \/>\n<meta name=\"twitter:card\" content=\"summary_large_image\" \/>\n<meta name=\"twitter:label1\" content=\"Tempo estimado de leitura\" \/>\n\t<meta name=\"twitter:data1\" content=\"1 minuto\" \/>\n<script type=\"application\/ld+json\" class=\"yoast-schema-graph\">{\"@context\":\"https:\/\/schema.org\",\"@graph\":[{\"@type\":\"WebPage\",\"@id\":\"https:\/\/prisma.sanzza.eu\/?page_id=33266\",\"url\":\"https:\/\/prisma.sanzza.eu\/?page_id=33266\",\"name\":\"Servi\u00e7os - Prisma\",\"isPartOf\":{\"@id\":\"https:\/\/prisma.sanzza.eu\/#website\"},\"datePublished\":\"2024-12-02T12:10:40+00:00\",\"dateModified\":\"2024-12-02T15:13:16+00:00\",\"breadcrumb\":{\"@id\":\"https:\/\/prisma.sanzza.eu\/?page_id=33266#breadcrumb\"},\"inLanguage\":\"pt-PT\",\"potentialAction\":[{\"@type\":\"ReadAction\",\"target\":[\"https:\/\/prisma.sanzza.eu\/?page_id=33266\"]}]},{\"@type\":\"BreadcrumbList\",\"@id\":\"https:\/\/prisma.sanzza.eu\/?page_id=33266#breadcrumb\",\"itemListElement\":[{\"@type\":\"ListItem\",\"position\":1,\"name\":\"In\u00edcio\",\"item\":\"https:\/\/prisma.sanzza.eu\/\"},{\"@type\":\"ListItem\",\"position\":2,\"name\":\"Servi\u00e7os\"}]},{\"@type\":\"WebSite\",\"@id\":\"https:\/\/prisma.sanzza.eu\/#website\",\"url\":\"https:\/\/prisma.sanzza.eu\/\",\"name\":\"Prisma\",\"description\":\"Digital Startup &amp; App WordPress Theme\",\"publisher\":{\"@id\":\"https:\/\/prisma.sanzza.eu\/#organization\"},\"potentialAction\":[{\"@type\":\"SearchAction\",\"target\":{\"@type\":\"EntryPoint\",\"urlTemplate\":\"https:\/\/prisma.sanzza.eu\/?s={search_term_string}\"},\"query-input\":{\"@type\":\"PropertyValueSpecification\",\"valueRequired\":true,\"valueName\":\"search_term_string\"}}],\"inLanguage\":\"pt-PT\"},{\"@type\":\"Organization\",\"@id\":\"https:\/\/prisma.sanzza.eu\/#organization\",\"name\":\"Prisma\",\"url\":\"https:\/\/prisma.sanzza.eu\/\",\"logo\":{\"@type\":\"ImageObject\",\"inLanguage\":\"pt-PT\",\"@id\":\"https:\/\/prisma.sanzza.eu\/#\/schema\/logo\/image\/\",\"url\":\"https:\/\/prisma.sanzza.eu\/wp-content\/uploads\/2024\/11\/sanzza_logo.svg\",\"contentUrl\":\"https:\/\/prisma.sanzza.eu\/wp-content\/uploads\/2024\/11\/sanzza_logo.svg\",\"width\":181,\"height\":32,\"caption\":\"Prisma\"},\"image\":{\"@id\":\"https:\/\/prisma.sanzza.eu\/#\/schema\/logo\/image\/\"}}]}<\/script>\n<!-- \/ Yoast SEO plugin. -->","yoast_head_json":{"title":"Servi\u00e7os - Prisma","robots":{"index":"index","follow":"follow","max-snippet":"max-snippet:-1","max-image-preview":"max-image-preview:large","max-video-preview":"max-video-preview:-1"},"canonical":"https:\/\/prisma.sanzza.eu\/?page_id=33266","og_locale":"pt_PT","og_type":"article","og_title":"Servi\u00e7os - Prisma","og_description":"Cria\u00e7\u00e3o de Websites Texto Marketing Digital Texto Design Gr\u00e1fico Texto Multim\u00e9dia Texto","og_url":"https:\/\/prisma.sanzza.eu\/?page_id=33266","og_site_name":"Prisma","article_modified_time":"2024-12-02T15:13:16+00:00","twitter_card":"summary_large_image","twitter_misc":{"Tempo estimado de leitura":"1 minuto"},"schema":{"@context":"https:\/\/schema.org","@graph":[{"@type":"WebPage","@id":"https:\/\/prisma.sanzza.eu\/?page_id=33266","url":"https:\/\/prisma.sanzza.eu\/?page_id=33266","name":"Servi\u00e7os - Prisma","isPartOf":{"@id":"https:\/\/prisma.sanzza.eu\/#website"},"datePublished":"2024-12-02T12:10:40+00:00","dateModified":"2024-12-02T15:13:16+00:00","breadcrumb":{"@id":"https:\/\/prisma.sanzza.eu\/?page_id=33266#breadcrumb"},"inLanguage":"pt-PT","potentialAction":[{"@type":"ReadAction","target":["https:\/\/prisma.sanzza.eu\/?page_id=33266"]}]},{"@type":"BreadcrumbList","@id":"https:\/\/prisma.sanzza.eu\/?page_id=33266#breadcrumb","itemListElement":[{"@type":"ListItem","position":1,"name":"In\u00edcio","item":"https:\/\/prisma.sanzza.eu\/"},{"@type":"ListItem","position":2,"name":"Servi\u00e7os"}]},{"@type":"WebSite","@id":"https:\/\/prisma.sanzza.eu\/#website","url":"https:\/\/prisma.sanzza.eu\/","name":"Prisma","description":"Digital Startup &amp; App WordPress Theme","publisher":{"@id":"https:\/\/prisma.sanzza.eu\/#organization"},"potentialAction":[{"@type":"SearchAction","target":{"@type":"EntryPoint","urlTemplate":"https:\/\/prisma.sanzza.eu\/?s={search_term_string}"},"query-input":{"@type":"PropertyValueSpecification","valueRequired":true,"valueName":"search_term_string"}}],"inLanguage":"pt-PT"},{"@type":"Organization","@id":"https:\/\/prisma.sanzza.eu\/#organization","name":"Prisma","url":"https:\/\/prisma.sanzza.eu\/","logo":{"@type":"ImageObject","inLanguage":"pt-PT","@id":"https:\/\/prisma.sanzza.eu\/#\/schema\/logo\/image\/","url":"https:\/\/prisma.sanzza.eu\/wp-content\/uploads\/2024\/11\/sanzza_logo.svg","contentUrl":"https:\/\/prisma.sanzza.eu\/wp-content\/uploads\/2024\/11\/sanzza_logo.svg","width":181,"height":32,"caption":"Prisma"},"image":{"@id":"https:\/\/prisma.sanzza.eu\/#\/schema\/logo\/image\/"}}]}},"_links":{"self":[{"href":"https:\/\/prisma.sanzza.eu\/index.php?rest_route=\/wp\/v2\/pages\/33266","targetHints":{"allow":["GET"]}}],"collection":[{"href":"https:\/\/prisma.sanzza.eu\/index.php?rest_route=\/wp\/v2\/pages"}],"about":[{"href":"https:\/\/prisma.sanzza.eu\/index.php?rest_route=\/wp\/v2\/types\/page"}],"author":[{"embeddable":true,"href":"https:\/\/prisma.sanzza.eu\/index.php?rest_route=\/wp\/v2\/users\/1"}],"replies":[{"embeddable":true,"href":"https:\/\/prisma.sanzza.eu\/index.php?rest_route=%2Fwp%2Fv2%2Fcomments&post=33266"}],"version-history":[{"count":16,"href":"https:\/\/prisma.sanzza.eu\/index.php?rest_route=\/wp\/v2\/pages\/33266\/revisions"}],"predecessor-version":[{"id":34257,"href":"https:\/\/prisma.sanzza.eu\/index.php?rest_route=\/wp\/v2\/pages\/33266\/revisions\/34257"}],"wp:attachment":[{"href":"https:\/\/prisma.sanzza.eu\/index.php?rest_route=%2Fwp%2Fv2%2Fmedia&parent=33266"}],"curies":[{"name":"wp","href":"https:\/\/api.w.org\/{rel}","templated":true}]}}